{"id":44,"date":"2024-10-09T19:14:31","date_gmt":"2024-10-09T19:14:31","guid":{"rendered":"https:\/\/rhggmbh.com\/?page_id=44"},"modified":"2024-11-05T09:38:09","modified_gmt":"2024-11-05T09:38:09","slug":"ueber-uns","status":"publish","type":"page","link":"https:\/\/rhggmbh.com\/en\/ueber-uns\/","title":{"rendered":"About Us"},"content":{"rendered":"<div data-elementor-type=\"wp-page\" data-elementor-id=\"44\" class=\"elementor elementor-44\" data-elementor-post-type=\"page\">\n\t\t\t\t<div class=\"elementor-element elementor-element-22864a3 e-flex e-con-boxed e-con e-parent\" data-id=\"22864a3\" data-element_type=\"container\" data-e-type=\"container\" data-settings=\"{&quot;background_background&quot;:&quot;classic&quot;}\">\n\t\t\t\t\t<div class=\"e-con-inner\">\n\t\t<div class=\"elementor-element elementor-element-38fe584 e-con-full e-flex e-con e-child\" data-id=\"38fe584\" data-element_type=\"container\" data-e-type=\"container\">\n\t\t\t\t<div class=\"elementor-element elementor-element-c5cf39b elementor-widget elementor-widget-heading\" data-id=\"c5cf39b\" data-element_type=\"widget\" data-e-type=\"widget\" data-widget_type=\"heading.default\">\n\t\t\t\t<div class=\"elementor-widget-container\">\n\t\t\t\t\t<h5 class=\"elementor-heading-title elementor-size-default\">About Us<\/h5>\t\t\t\t<\/div>\n\t\t\t\t<\/div>\n\t\t\t\t<\/div>\n\t\t\t\t\t<\/div>\n\t\t\t\t<\/div>\n\t\t<div class=\"elementor-element elementor-element-1b76581 e-flex e-con-boxed e-con e-parent\" data-id=\"1b76581\" data-element_type=\"container\" data-e-type=\"container\">\n\t\t\t\t\t<div class=\"e-con-inner\">\n\t\t\t\t<div class=\"elementor-element elementor-element-6ae6ff3 elementor-widget elementor-widget-heading\" data-id=\"6ae6ff3\" data-element_type=\"widget\" data-e-type=\"widget\" data-widget_type=\"heading.default\">\n\t\t\t\t<div class=\"elementor-widget-container\">\n\t\t\t\t\t<h2 class=\"elementor-heading-title elementor-size-default\">Our Story<\/h2>\t\t\t\t<\/div>\n\t\t\t\t<\/div>\n\t\t\t\t<div class=\"elementor-element elementor-element-1d1b7d9 elementor-widget elementor-widget-text-editor\" data-id=\"1d1b7d9\" data-element_type=\"widget\" data-e-type=\"widget\" data-widget_type=\"text-editor.default\">\n\t\t\t\t<div class=\"elementor-widget-container\">\n\t\t\t\t\t\t\t\t\t<p>We are your reliable partner for used tires, casings, new tires and retreads with more than 20 years of experience in the tire industry. With a wide range of tires for different types of vehicles and a team of qualified professionals, we offer our customers first-class service and solutions. Our expertise ranges from the provision of high-quality tread tires to tailor-made solutions for export. Throughout Germany and beyond, we are proud to have built an excellent reputation for reliability and quality.<\/p>\t\t\t\t\t\t\t\t<\/div>\n\t\t\t\t<\/div>\n\t\t\t\t\t<\/div>\n\t\t\t\t<\/div>\n\t\t<div class=\"elementor-element elementor-element-df3f96b e-flex e-con-boxed e-con e-parent\" data-id=\"df3f96b\" data-element_type=\"container\" data-e-type=\"container\">\n\t\t\t\t\t<div class=\"e-con-inner\">\n\t\t<div class=\"elementor-element elementor-element-1f9954a e-con-full e-flex e-con e-child\" data-id=\"1f9954a\" data-element_type=\"container\" data-e-type=\"container\">\n\t\t\t\t<div class=\"elementor-element elementor-element-a9db73a elementor-widget elementor-widget-heading\" data-id=\"a9db73a\" data-element_type=\"widget\" data-e-type=\"widget\" data-widget_type=\"heading.default\">\n\t\t\t\t<div class=\"elementor-widget-container\">\n\t\t\t\t\t<h2 class=\"elementor-heading-title elementor-size-default\">Our Mission<\/h2>\t\t\t\t<\/div>\n\t\t\t\t<\/div>\n\t\t\t\t<div class=\"elementor-element elementor-element-c813a51 elementor-widget elementor-widget-text-editor\" data-id=\"c813a51\" data-element_type=\"widget\" data-e-type=\"widget\" data-widget_type=\"text-editor.default\">\n\t\t\t\t<div class=\"elementor-widget-container\">\n\t\t\t\t\t\t\t\t\t<p>Our mission is to provide our customers with the best possible solutions for their tire needs. We focus on the highest quality, reliability, and sustainability by offering a wide selection of carefully inspected used tires. In doing so, we support not only local but also international customers with expert service and fast delivery times. We aim to ensure that every customer receives the right solution while acting in an environmentally friendly manner by recycling and reusing tires.<\/p>\t\t\t\t\t\t\t\t<\/div>\n\t\t\t\t<\/div>\n\t\t\t\t<\/div>\n\t\t<div class=\"elementor-element elementor-element-f360c44 e-con-full e-flex e-con e-child\" data-id=\"f360c44\" data-element_type=\"container\" data-e-type=\"container\">\n\t\t\t\t<div class=\"elementor-element elementor-element-969ed2f elementor-widget elementor-widget-heading\" data-id=\"969ed2f\" data-element_type=\"widget\" data-e-type=\"widget\" data-widget_type=\"heading.default\">\n\t\t\t\t<div class=\"elementor-widget-container\">\n\t\t\t\t\t<h2 class=\"elementor-heading-title elementor-size-default\">Our Vision<\/h2>\t\t\t\t<\/div>\n\t\t\t\t<\/div>\n\t\t\t\t<div class=\"elementor-element elementor-element-bf568db elementor-widget elementor-widget-text-editor\" data-id=\"bf568db\" data-element_type=\"widget\" data-e-type=\"widget\" data-widget_type=\"text-editor.default\">\n\t\t\t\t<div class=\"elementor-widget-container\">\n\t\t\t\t\t\t\t\t\t<p>Our vision is to become a leading global supplier of used tires, casings, new tires and retreaded tires. At the same time, we want to make a contribution to sustainability in the automotive industry. Through innovative solutions and continuous improvement, we want to ensure that our products not only meet the highest quality standards, but also contribute to a better environment. We strive to be the first choice for customers looking for high-quality tire solutions while taking our responsibility for the environment seriously.<\/p>\t\t\t\t\t\t\t\t<\/div>\n\t\t\t\t<\/div>\n\t\t\t\t<\/div>\n\t\t\t\t\t<\/div>\n\t\t\t\t<\/div>\n\t\t<div class=\"elementor-element elementor-element-03699f8 e-flex e-con-boxed e-con e-parent\" data-id=\"03699f8\" data-element_type=\"container\" data-e-type=\"container\">\n\t\t\t\t\t<div class=\"e-con-inner\">\n\t\t<div class=\"elementor-element elementor-element-e55cbab e-con-full e-flex e-con e-child\" data-id=\"e55cbab\" data-element_type=\"container\" data-e-type=\"container\">\n\t\t\t\t<div class=\"elementor-element elementor-element-8e52e0d elementor-widget elementor-widget-counter\" data-id=\"8e52e0d\" data-element_type=\"widget\" data-e-type=\"widget\" data-widget_type=\"counter.default\">\n\t\t\t\t<div class=\"elementor-widget-container\">\n\t\t\t\t\t\t\t<div class=\"elementor-counter\">\n\t\t\t<div class=\"elementor-counter-title\">Satisfied verified customer.<\/div>\t\t\t<div class=\"elementor-counter-number-wrapper\">\n\t\t\t\t<span class=\"elementor-counter-number-prefix\"><\/span>\n\t\t\t\t<span class=\"elementor-counter-number\" data-duration=\"2000\" data-to-value=\"1516\" data-from-value=\"0\" data-delimiter=\",\">0<\/span>\n\t\t\t\t<span class=\"elementor-counter-number-suffix\"><\/span>\n\t\t\t<\/div>\n\t\t<\/div>\n\t\t\t\t\t\t<\/div>\n\t\t\t\t<\/div>\n\t\t\t\t<\/div>\n\t\t<div class=\"elementor-element elementor-element-d71f1f7 e-con-full e-flex e-con e-child\" data-id=\"d71f1f7\" data-element_type=\"container\" data-e-type=\"container\">\n\t\t\t\t<div class=\"elementor-element elementor-element-7271b85 elementor-widget elementor-widget-counter\" data-id=\"7271b85\" data-element_type=\"widget\" data-e-type=\"widget\" data-widget_type=\"counter.default\">\n\t\t\t\t<div class=\"elementor-widget-container\">\n\t\t\t\t\t\t\t<div class=\"elementor-counter\">\n\t\t\t<div class=\"elementor-counter-title\">Partner Companies<\/div>\t\t\t<div class=\"elementor-counter-number-wrapper\">\n\t\t\t\t<span class=\"elementor-counter-number-prefix\"><\/span>\n\t\t\t\t<span class=\"elementor-counter-number\" data-duration=\"2000\" data-to-value=\"185\" data-from-value=\"0\" data-delimiter=\",\">0<\/span>\n\t\t\t\t<span class=\"elementor-counter-number-suffix\"><\/span>\n\t\t\t<\/div>\n\t\t<\/div>\n\t\t\t\t\t\t<\/div>\n\t\t\t\t<\/div>\n\t\t\t\t<\/div>\n\t\t<div class=\"elementor-element elementor-element-bad2383 e-con-full e-flex e-con e-child\" data-id=\"bad2383\" data-element_type=\"container\" data-e-type=\"container\">\n\t\t\t\t<div class=\"elementor-element elementor-element-e331805 elementor-widget elementor-widget-counter\" data-id=\"e331805\" data-element_type=\"widget\" data-e-type=\"widget\" data-widget_type=\"counter.default\">\n\t\t\t\t<div class=\"elementor-widget-container\">\n\t\t\t\t\t\t\t<div class=\"elementor-counter\">\n\t\t\t<div class=\"elementor-counter-title\">Delivery Countries<\/div>\t\t\t<div class=\"elementor-counter-number-wrapper\">\n\t\t\t\t<span class=\"elementor-counter-number-prefix\"><\/span>\n\t\t\t\t<span class=\"elementor-counter-number\" data-duration=\"2000\" data-to-value=\"30\" data-from-value=\"0\" data-delimiter=\",\">0<\/span>\n\t\t\t\t<span class=\"elementor-counter-number-suffix\"><\/span>\n\t\t\t<\/div>\n\t\t<\/div>\n\t\t\t\t\t\t<\/div>\n\t\t\t\t<\/div>\n\t\t\t\t<\/div>\n\t\t\t\t\t<\/div>\n\t\t\t\t<\/div>\n\t\t\t\t<\/div>","protected":false},"excerpt":{"rendered":"<p>\u00dcber uns Unsere Geschichte Wir sind Ihr zuverl\u00e4ssiger Partner f\u00fcr Gebrauchtreifen, Karkassen, Neureifen und runderneuerte Reifen mit mehr als 20 Jahren Erfahrung in der Reifenbranche. Mit einer breiten Auswahl an Reifen f\u00fcr verschiedene Fahrzeugtypen und einem Team von qualifizierten Fachkr\u00e4ften bieten wir unseren Kunden erstklassigen Service und L\u00f6sungen. Unsere Expertise reicht von der Bereitstellung hochwertiger [&hellip;]<\/p>\n","protected":false},"author":1,"featured_media":0,"parent":0,"menu_order":0,"comment_status":"closed","ping_status":"closed","template":"","meta":{"footnotes":""},"class_list":["post-44","page","type-page","status-publish","hentry"],"yoast_head":"<!-- This site is optimized with the Yoast SEO plugin v27.5 - https:\/\/yoast.com\/product\/yoast-seo-wordpress\/ -->\n<title>\u00dcber uns - RHG GmbH<\/title>\n<meta name=\"robots\" content=\"index, follow, max-snippet:-1, max-image-preview:large, max-video-preview:-1\" \/>\n<link rel=\"canonical\" href=\"https:\/\/rhggmbh.com\/en\/ueber-uns\/\" \/>\n<meta property=\"og:locale\" content=\"en_GB\" \/>\n<meta property=\"og:type\" content=\"article\" \/>\n<meta property=\"og:title\" content=\"\u00dcber uns - RHG GmbH\" \/>\n<meta property=\"og:description\" content=\"\u00dcber uns Unsere Geschichte Wir sind Ihr zuverl\u00e4ssiger Partner f\u00fcr Gebrauchtreifen, Karkassen, Neureifen und runderneuerte Reifen mit mehr als 20 Jahren Erfahrung in der Reifenbranche. Mit einer breiten Auswahl an Reifen f\u00fcr verschiedene Fahrzeugtypen und einem Team von qualifizierten Fachkr\u00e4ften bieten wir unseren Kunden erstklassigen Service und L\u00f6sungen. Unsere Expertise reicht von der Bereitstellung hochwertiger [&hellip;]\" \/>\n<meta property=\"og:url\" content=\"https:\/\/rhggmbh.com\/en\/ueber-uns\/\" \/>\n<meta property=\"og:site_name\" content=\"RHG GmbH\" \/>\n<meta property=\"article:publisher\" content=\"https:\/\/www.facebook.com\/profile.php?id=61568147270512\" \/>\n<meta property=\"article:modified_time\" content=\"2024-11-05T09:38:09+00:00\" \/>\n<meta name=\"twitter:card\" content=\"summary_large_image\" \/>\n<meta name=\"twitter:label1\" content=\"Estimated reading time\" \/>\n\t<meta name=\"twitter:data1\" content=\"1 minute\" \/>\n<script type=\"application\/ld+json\" class=\"yoast-schema-graph\">{\"@context\":\"https:\\\/\\\/schema.org\",\"@graph\":[{\"@type\":\"WebPage\",\"@id\":\"https:\\\/\\\/rhggmbh.com\\\/ueber-uns\\\/\",\"url\":\"https:\\\/\\\/rhggmbh.com\\\/ueber-uns\\\/\",\"name\":\"\u00dcber uns - RHG GmbH\",\"isPartOf\":{\"@id\":\"https:\\\/\\\/rhggmbh.com\\\/#website\"},\"datePublished\":\"2024-10-09T19:14:31+00:00\",\"dateModified\":\"2024-11-05T09:38:09+00:00\",\"breadcrumb\":{\"@id\":\"https:\\\/\\\/rhggmbh.com\\\/ueber-uns\\\/#breadcrumb\"},\"inLanguage\":\"en-GB\",\"potentialAction\":[{\"@type\":\"ReadAction\",\"target\":[\"https:\\\/\\\/rhggmbh.com\\\/ueber-uns\\\/\"]}]},{\"@type\":\"BreadcrumbList\",\"@id\":\"https:\\\/\\\/rhggmbh.com\\\/ueber-uns\\\/#breadcrumb\",\"itemListElement\":[{\"@type\":\"ListItem\",\"position\":1,\"name\":\"Home\",\"item\":\"https:\\\/\\\/rhggmbh.com\\\/\"},{\"@type\":\"ListItem\",\"position\":2,\"name\":\"\u00dcber uns\"}]},{\"@type\":\"WebSite\",\"@id\":\"https:\\\/\\\/rhggmbh.com\\\/#website\",\"url\":\"https:\\\/\\\/rhggmbh.com\\\/\",\"name\":\"RHG GmbH\",\"description\":\"\",\"publisher\":{\"@id\":\"https:\\\/\\\/rhggmbh.com\\\/#organization\"},\"potentialAction\":[{\"@type\":\"SearchAction\",\"target\":{\"@type\":\"EntryPoint\",\"urlTemplate\":\"https:\\\/\\\/rhggmbh.com\\\/?s={search_term_string}\"},\"query-input\":{\"@type\":\"PropertyValueSpecification\",\"valueRequired\":true,\"valueName\":\"search_term_string\"}}],\"inLanguage\":\"en-GB\"},{\"@type\":\"Organization\",\"@id\":\"https:\\\/\\\/rhggmbh.com\\\/#organization\",\"name\":\"RHG GmbH\",\"url\":\"https:\\\/\\\/rhggmbh.com\\\/\",\"logo\":{\"@type\":\"ImageObject\",\"inLanguage\":\"en-GB\",\"@id\":\"https:\\\/\\\/rhggmbh.com\\\/#\\\/schema\\\/logo\\\/image\\\/\",\"url\":\"https:\\\/\\\/rhggmbh.com\\\/wp-content\\\/uploads\\\/2024\\\/10\\\/cropped-logo.png\",\"contentUrl\":\"https:\\\/\\\/rhggmbh.com\\\/wp-content\\\/uploads\\\/2024\\\/10\\\/cropped-logo.png\",\"width\":340,\"height\":170,\"caption\":\"RHG GmbH\"},\"image\":{\"@id\":\"https:\\\/\\\/rhggmbh.com\\\/#\\\/schema\\\/logo\\\/image\\\/\"},\"sameAs\":[\"https:\\\/\\\/www.facebook.com\\\/profile.php?id=61568147270512\"]}]}<\/script>\n<!-- \/ Yoast SEO plugin. -->","yoast_head_json":{"title":"\u00dcber uns - RHG GmbH","robots":{"index":"index","follow":"follow","max-snippet":"max-snippet:-1","max-image-preview":"max-image-preview:large","max-video-preview":"max-video-preview:-1"},"canonical":"https:\/\/rhggmbh.com\/en\/ueber-uns\/","og_locale":"en_GB","og_type":"article","og_title":"\u00dcber uns - RHG GmbH","og_description":"\u00dcber uns Unsere Geschichte Wir sind Ihr zuverl\u00e4ssiger Partner f\u00fcr Gebrauchtreifen, Karkassen, Neureifen und runderneuerte Reifen mit mehr als 20 Jahren Erfahrung in der Reifenbranche. Mit einer breiten Auswahl an Reifen f\u00fcr verschiedene Fahrzeugtypen und einem Team von qualifizierten Fachkr\u00e4ften bieten wir unseren Kunden erstklassigen Service und L\u00f6sungen. Unsere Expertise reicht von der Bereitstellung hochwertiger [&hellip;]","og_url":"https:\/\/rhggmbh.com\/en\/ueber-uns\/","og_site_name":"RHG GmbH","article_publisher":"https:\/\/www.facebook.com\/profile.php?id=61568147270512","article_modified_time":"2024-11-05T09:38:09+00:00","twitter_card":"summary_large_image","twitter_misc":{"Estimated reading time":"1 minute"},"schema":{"@context":"https:\/\/schema.org","@graph":[{"@type":"WebPage","@id":"https:\/\/rhggmbh.com\/ueber-uns\/","url":"https:\/\/rhggmbh.com\/ueber-uns\/","name":"\u00dcber uns - RHG GmbH","isPartOf":{"@id":"https:\/\/rhggmbh.com\/#website"},"datePublished":"2024-10-09T19:14:31+00:00","dateModified":"2024-11-05T09:38:09+00:00","breadcrumb":{"@id":"https:\/\/rhggmbh.com\/ueber-uns\/#breadcrumb"},"inLanguage":"en-GB","potentialAction":[{"@type":"ReadAction","target":["https:\/\/rhggmbh.com\/ueber-uns\/"]}]},{"@type":"BreadcrumbList","@id":"https:\/\/rhggmbh.com\/ueber-uns\/#breadcrumb","itemListElement":[{"@type":"ListItem","position":1,"name":"Home","item":"https:\/\/rhggmbh.com\/"},{"@type":"ListItem","position":2,"name":"\u00dcber uns"}]},{"@type":"WebSite","@id":"https:\/\/rhggmbh.com\/#website","url":"https:\/\/rhggmbh.com\/","name":"RHG GmbH","description":"","publisher":{"@id":"https:\/\/rhggmbh.com\/#organization"},"potentialAction":[{"@type":"SearchAction","target":{"@type":"EntryPoint","urlTemplate":"https:\/\/rhggmbh.com\/?s={search_term_string}"},"query-input":{"@type":"PropertyValueSpecification","valueRequired":true,"valueName":"search_term_string"}}],"inLanguage":"en-GB"},{"@type":"Organization","@id":"https:\/\/rhggmbh.com\/#organization","name":"RHG GmbH","url":"https:\/\/rhggmbh.com\/","logo":{"@type":"ImageObject","inLanguage":"en-GB","@id":"https:\/\/rhggmbh.com\/#\/schema\/logo\/image\/","url":"https:\/\/rhggmbh.com\/wp-content\/uploads\/2024\/10\/cropped-logo.png","contentUrl":"https:\/\/rhggmbh.com\/wp-content\/uploads\/2024\/10\/cropped-logo.png","width":340,"height":170,"caption":"RHG GmbH"},"image":{"@id":"https:\/\/rhggmbh.com\/#\/schema\/logo\/image\/"},"sameAs":["https:\/\/www.facebook.com\/profile.php?id=61568147270512"]}]}},"_links":{"self":[{"href":"https:\/\/rhggmbh.com\/en\/wp-json\/wp\/v2\/pages\/44","targetHints":{"allow":["GET"]}}],"collection":[{"href":"https:\/\/rhggmbh.com\/en\/wp-json\/wp\/v2\/pages"}],"about":[{"href":"https:\/\/rhggmbh.com\/en\/wp-json\/wp\/v2\/types\/page"}],"author":[{"embeddable":true,"href":"https:\/\/rhggmbh.com\/en\/wp-json\/wp\/v2\/users\/1"}],"replies":[{"embeddable":true,"href":"https:\/\/rhggmbh.com\/en\/wp-json\/wp\/v2\/comments?post=44"}],"version-history":[{"count":82,"href":"https:\/\/rhggmbh.com\/en\/wp-json\/wp\/v2\/pages\/44\/revisions"}],"predecessor-version":[{"id":899,"href":"https:\/\/rhggmbh.com\/en\/wp-json\/wp\/v2\/pages\/44\/revisions\/899"}],"wp:attachment":[{"href":"https:\/\/rhggmbh.com\/en\/wp-json\/wp\/v2\/media?parent=44"}],"curies":[{"name":"wp","href":"https:\/\/api.w.org\/{rel}","templated":true}]}}