{"id":47,"date":"2024-10-09T19:15:06","date_gmt":"2024-10-09T19:15:06","guid":{"rendered":"https:\/\/rhggmbh.com\/?page_id=47"},"modified":"2024-11-05T10:11:13","modified_gmt":"2024-11-05T10:11:13","slug":"impressum","status":"publish","type":"page","link":"https:\/\/rhggmbh.com\/en\/impressum\/","title":{"rendered":"Imprit"},"content":{"rendered":"<div data-elementor-type=\"wp-page\" data-elementor-id=\"47\" class=\"elementor elementor-47\" data-elementor-post-type=\"page\">\n\t\t\t\t<div class=\"elementor-element elementor-element-d900c71 e-flex e-con-boxed e-con e-parent\" data-id=\"d900c71\" data-element_type=\"container\" data-e-type=\"container\" data-settings=\"{&quot;background_background&quot;:&quot;classic&quot;}\">\n\t\t\t\t\t<div class=\"e-con-inner\">\n\t\t<div class=\"elementor-element elementor-element-849f5bd e-con-full e-flex e-con e-child\" data-id=\"849f5bd\" data-element_type=\"container\" data-e-type=\"container\">\n\t\t\t\t<div class=\"elementor-element elementor-element-aadd4de elementor-widget elementor-widget-heading\" data-id=\"aadd4de\" data-element_type=\"widget\" data-e-type=\"widget\" data-widget_type=\"heading.default\">\n\t\t\t\t<div class=\"elementor-widget-container\">\n\t\t\t\t\t<h5 class=\"elementor-heading-title elementor-size-default\">Imprit<\/h5>\t\t\t\t<\/div>\n\t\t\t\t<\/div>\n\t\t\t\t<\/div>\n\t\t\t\t\t<\/div>\n\t\t\t\t<\/div>\n\t\t<div class=\"elementor-element elementor-element-6eb541d e-flex e-con-boxed e-con e-parent\" data-id=\"6eb541d\" data-element_type=\"container\" data-e-type=\"container\">\n\t\t\t\t\t<div class=\"e-con-inner\">\n\t\t\t\t<div class=\"elementor-element elementor-element-412b1f8 elementor-widget elementor-widget-text-editor\" data-id=\"412b1f8\" data-element_type=\"widget\" data-e-type=\"widget\" data-widget_type=\"text-editor.default\">\n\t\t\t\t<div class=\"elementor-widget-container\">\n\t\t\t\t\t\t\t\t\t<p><strong>Gem\u00e4\u00df \u00a7 28 BDSG widersprechen wir\u00a0jeder\u00a0kommerziellen\u00a0Verwendung\u00a0und\u00a0Weitergabe\u00a0unserer Daten.<\/strong><\/p><p><strong>Verantwortungsbereich:<\/strong><br \/>Dieses Impressum gilt f\u00fcr folgende Internetpr\u00e4senzen:<br \/><span lang=\"DE\">rhggmbh.com<\/span><\/p><p><strong>Inhaltlich Verantwortlicher\/Webmaster gem\u00e4\u00df \u00a7 10 Absatz 3 MDStV:<\/strong><\/p><p><strong>RHG GmbH<\/strong><br \/>In den Bruchwiesen 24<br \/>76855 Annweiler<\/p><p>email: info@rhggmbh.com<br \/>Mob.: +49(0)6346-6980951<\/p><p>USt.IdNr.: DE292002417<br \/>St.Nr.: 24\/666\/02682<br \/><br \/><\/p><p>Bankverbindung: Sparkasse S\u00fcdpfalz<\/p><p>BIC: SOLADES1SUW<br \/>IBAN: DE04 5485 0010 1700 1925 19<\/p><p>Bankverbindung: UniCredit Bank-HypoVereinbk<\/p><p>BIC: HYVEDEMM483<br \/>IBAN: DE82 5452 0194 0020 8835 70<\/p><p>Handelsregister: HRB 31417<\/p><p>Gesch\u00e4ftsf\u00fchrer: Mentor Gashi<\/p><p><strong>Technische Angaben:<\/strong><br \/>Bildquellen und -rechte<br \/>Fotonachweis: Alle Bilder sind urheberrechtlich gesch\u00fctzt Copyright \u00a9 iStock<\/p><p>Trotz sorgf\u00e4ltiger inhaltlicher Kontrolle \u00fcbernehmen wir keine Haftung f\u00fcr die Inhalte externer Links.<br \/>F\u00fcr den Inhalt der verlinkten Seiten sind ausschlie\u00dflich deren Betreiber verantwortlich.<br \/>Alle hier verwendeten Namen, Begriffe, Zeichen und Grafiken k\u00f6nnen Marken- oder Warenzeichen im Besitze ihrer<br \/>rechtlichen Eigent\u00fcmer sein. Die Rechte aller erw\u00e4hnten und benutzten Marken- und Warenzeichen liegen ausschlie\u00dflich<br \/>bei deren Besitzern.<\/p><p><strong>Sinn und Zweck dieser Homepage:\u00a0<\/strong>Wir stellen hier unsere Dienstleistungen vor. Ausserdem informieren wir unsere Besucher \u00fcber geplante Aktivit\u00e4ten.<\/p><p><strong>Keine Haftung:<\/strong>\u00a0Die Inhalte dieser Homepage wurden sorgf\u00e4ltig gepr\u00fcft und nach bestem Wissen und Gewissen erstellt. Ich kann leider f\u00fcr die hier dargebotenen Informationen keinen Anspruch auf Vollst\u00e4ndigkeit, Aktualit\u00e4t, Qualit\u00e4t und Richtigkeit gew\u00e4hren.<\/p><p><strong>Abgrenzung:<\/strong>\u00a0Diese Internetseite ist Teil des WWW (world-wide-web) und dementsprechend mit fremden, sich jederzeit wandelnden Websites verkn\u00fcpft, die folglich auch nicht unserem Verantwortungsbereich unterliegen und f\u00fcr die die nachfolgende Informationen nicht gelten.<br \/>Dass die Links weder gegen Sitten noch Gesetze versto\u00dfen, wurde gepr\u00fcft, bevor sie hier aufgenommen wurden.<\/p><p><strong>Haftungshinweis<\/strong>:\u00a0Trotz sorgf\u00e4ltiger inhaltlicher Kontrolle \u00fcbernehmen wir keine Haftung f\u00fcr die Inhalte externer Links. F\u00fcr den Inhalt der verlinkten Seiten sind ausschlie\u00dflich deren Betreiber verantwortlich.<\/p><p><strong>Schutzrechtsverletzung:<\/strong>\u00a0Falls Sie vermuten, dass wir von dieser Homepage aus eines Ihrer Schutzrechte verletzten, so m\u00f6chten wir Sie bitten uns dies umgehend per E-Mail mitzuteilen, damit wir z\u00fcgig Abhilfe schaffen k\u00f6nnen. Vielen Dank hierf\u00fcr.<br \/>Bitte beachten Sie, dass die zeitaufw\u00e4ndigere Einschaltung eines Anwaltes zur f\u00fcr den Homepagebetreiber kostenpflichtigen Abmahnung, weder dessen wirklichen noch mutma\u00dflichen Willen entspricht.<\/p>\t\t\t\t\t\t\t\t<\/div>\n\t\t\t\t<\/div>\n\t\t\t\t\t<\/div>\n\t\t\t\t<\/div>\n\t\t\t\t<\/div>","protected":false},"excerpt":{"rendered":"<p>Impressum Gem\u00e4\u00df \u00a7 28 BDSG widersprechen wir\u00a0jeder\u00a0kommerziellen\u00a0Verwendung\u00a0und\u00a0Weitergabe\u00a0unserer Daten. Verantwortungsbereich:Dieses Impressum gilt f\u00fcr folgende Internetpr\u00e4senzen:rhggmbh.com Inhaltlich Verantwortlicher\/Webmaster gem\u00e4\u00df \u00a7 10 Absatz 3 MDStV: RHG GmbHIn den Bruchwiesen 2476855 Annweiler email: info@rhggmbh.comMob.: +49(0)6346-6980951 USt.IdNr.: DE292002417St.Nr.: 24\/666\/02682 Bankverbindung: Sparkasse S\u00fcdpfalz BIC: SOLADES1SUWIBAN: DE04 5485 0010 1700 1925 19 Bankverbindung: UniCredit Bank-HypoVereinbk BIC: HYVEDEMM483IBAN: DE82 5452 0194 0020 8835 [&hellip;]<\/p>\n","protected":false},"author":1,"featured_media":0,"parent":0,"menu_order":0,"comment_status":"closed","ping_status":"closed","template":"","meta":{"footnotes":""},"class_list":["post-47","page","type-page","status-publish","hentry"],"yoast_head":"<!-- This site is optimized with the Yoast SEO plugin v27.5 - https:\/\/yoast.com\/product\/yoast-seo-wordpress\/ -->\n<title>Impressum - RHG GmbH<\/title>\n<meta name=\"robots\" content=\"index, follow, max-snippet:-1, max-image-preview:large, max-video-preview:-1\" \/>\n<link rel=\"canonical\" href=\"https:\/\/rhggmbh.com\/en\/impressum\/\" \/>\n<meta property=\"og:locale\" content=\"en_GB\" \/>\n<meta property=\"og:type\" content=\"article\" \/>\n<meta property=\"og:title\" content=\"Impressum - RHG GmbH\" \/>\n<meta property=\"og:description\" content=\"Impressum Gem\u00e4\u00df \u00a7 28 BDSG widersprechen wir\u00a0jeder\u00a0kommerziellen\u00a0Verwendung\u00a0und\u00a0Weitergabe\u00a0unserer Daten. Verantwortungsbereich:Dieses Impressum gilt f\u00fcr folgende Internetpr\u00e4senzen:rhggmbh.com Inhaltlich Verantwortlicher\/Webmaster gem\u00e4\u00df \u00a7 10 Absatz 3 MDStV: RHG GmbHIn den Bruchwiesen 2476855 Annweiler email: info@rhggmbh.comMob.: +49(0)6346-6980951 USt.IdNr.: DE292002417St.Nr.: 24\/666\/02682 Bankverbindung: Sparkasse S\u00fcdpfalz BIC: SOLADES1SUWIBAN: DE04 5485 0010 1700 1925 19 Bankverbindung: UniCredit Bank-HypoVereinbk BIC: HYVEDEMM483IBAN: DE82 5452 0194 0020 8835 [&hellip;]\" \/>\n<meta property=\"og:url\" content=\"https:\/\/rhggmbh.com\/en\/impressum\/\" \/>\n<meta property=\"og:site_name\" content=\"RHG GmbH\" \/>\n<meta property=\"article:publisher\" content=\"https:\/\/www.facebook.com\/profile.php?id=61568147270512\" \/>\n<meta property=\"article:modified_time\" content=\"2024-11-05T10:11:13+00:00\" \/>\n<meta name=\"twitter:card\" content=\"summary_large_image\" \/>\n<meta name=\"twitter:label1\" content=\"Estimated reading time\" \/>\n\t<meta name=\"twitter:data1\" content=\"2 minutes\" \/>\n<script type=\"application\/ld+json\" class=\"yoast-schema-graph\">{\"@context\":\"https:\\\/\\\/schema.org\",\"@graph\":[{\"@type\":\"WebPage\",\"@id\":\"https:\\\/\\\/rhggmbh.com\\\/impressum\\\/\",\"url\":\"https:\\\/\\\/rhggmbh.com\\\/impressum\\\/\",\"name\":\"Impressum - RHG GmbH\",\"isPartOf\":{\"@id\":\"https:\\\/\\\/rhggmbh.com\\\/#website\"},\"datePublished\":\"2024-10-09T19:15:06+00:00\",\"dateModified\":\"2024-11-05T10:11:13+00:00\",\"breadcrumb\":{\"@id\":\"https:\\\/\\\/rhggmbh.com\\\/impressum\\\/#breadcrumb\"},\"inLanguage\":\"en-GB\",\"potentialAction\":[{\"@type\":\"ReadAction\",\"target\":[\"https:\\\/\\\/rhggmbh.com\\\/impressum\\\/\"]}]},{\"@type\":\"BreadcrumbList\",\"@id\":\"https:\\\/\\\/rhggmbh.com\\\/impressum\\\/#breadcrumb\",\"itemListElement\":[{\"@type\":\"ListItem\",\"position\":1,\"name\":\"Home\",\"item\":\"https:\\\/\\\/rhggmbh.com\\\/\"},{\"@type\":\"ListItem\",\"position\":2,\"name\":\"Impressum\"}]},{\"@type\":\"WebSite\",\"@id\":\"https:\\\/\\\/rhggmbh.com\\\/#website\",\"url\":\"https:\\\/\\\/rhggmbh.com\\\/\",\"name\":\"RHG GmbH\",\"description\":\"\",\"publisher\":{\"@id\":\"https:\\\/\\\/rhggmbh.com\\\/#organization\"},\"potentialAction\":[{\"@type\":\"SearchAction\",\"target\":{\"@type\":\"EntryPoint\",\"urlTemplate\":\"https:\\\/\\\/rhggmbh.com\\\/?s={search_term_string}\"},\"query-input\":{\"@type\":\"PropertyValueSpecification\",\"valueRequired\":true,\"valueName\":\"search_term_string\"}}],\"inLanguage\":\"en-GB\"},{\"@type\":\"Organization\",\"@id\":\"https:\\\/\\\/rhggmbh.com\\\/#organization\",\"name\":\"RHG GmbH\",\"url\":\"https:\\\/\\\/rhggmbh.com\\\/\",\"logo\":{\"@type\":\"ImageObject\",\"inLanguage\":\"en-GB\",\"@id\":\"https:\\\/\\\/rhggmbh.com\\\/#\\\/schema\\\/logo\\\/image\\\/\",\"url\":\"https:\\\/\\\/rhggmbh.com\\\/wp-content\\\/uploads\\\/2024\\\/10\\\/cropped-logo.png\",\"contentUrl\":\"https:\\\/\\\/rhggmbh.com\\\/wp-content\\\/uploads\\\/2024\\\/10\\\/cropped-logo.png\",\"width\":340,\"height\":170,\"caption\":\"RHG GmbH\"},\"image\":{\"@id\":\"https:\\\/\\\/rhggmbh.com\\\/#\\\/schema\\\/logo\\\/image\\\/\"},\"sameAs\":[\"https:\\\/\\\/www.facebook.com\\\/profile.php?id=61568147270512\"]}]}<\/script>\n<!-- \/ Yoast SEO plugin. -->","yoast_head_json":{"title":"Impressum - RHG GmbH","robots":{"index":"index","follow":"follow","max-snippet":"max-snippet:-1","max-image-preview":"max-image-preview:large","max-video-preview":"max-video-preview:-1"},"canonical":"https:\/\/rhggmbh.com\/en\/impressum\/","og_locale":"en_GB","og_type":"article","og_title":"Impressum - RHG GmbH","og_description":"Impressum Gem\u00e4\u00df \u00a7 28 BDSG widersprechen wir\u00a0jeder\u00a0kommerziellen\u00a0Verwendung\u00a0und\u00a0Weitergabe\u00a0unserer Daten. Verantwortungsbereich:Dieses Impressum gilt f\u00fcr folgende Internetpr\u00e4senzen:rhggmbh.com Inhaltlich Verantwortlicher\/Webmaster gem\u00e4\u00df \u00a7 10 Absatz 3 MDStV: RHG GmbHIn den Bruchwiesen 2476855 Annweiler email: info@rhggmbh.comMob.: +49(0)6346-6980951 USt.IdNr.: DE292002417St.Nr.: 24\/666\/02682 Bankverbindung: Sparkasse S\u00fcdpfalz BIC: SOLADES1SUWIBAN: DE04 5485 0010 1700 1925 19 Bankverbindung: UniCredit Bank-HypoVereinbk BIC: HYVEDEMM483IBAN: DE82 5452 0194 0020 8835 [&hellip;]","og_url":"https:\/\/rhggmbh.com\/en\/impressum\/","og_site_name":"RHG GmbH","article_publisher":"https:\/\/www.facebook.com\/profile.php?id=61568147270512","article_modified_time":"2024-11-05T10:11:13+00:00","twitter_card":"summary_large_image","twitter_misc":{"Estimated reading time":"2 minutes"},"schema":{"@context":"https:\/\/schema.org","@graph":[{"@type":"WebPage","@id":"https:\/\/rhggmbh.com\/impressum\/","url":"https:\/\/rhggmbh.com\/impressum\/","name":"Impressum - RHG GmbH","isPartOf":{"@id":"https:\/\/rhggmbh.com\/#website"},"datePublished":"2024-10-09T19:15:06+00:00","dateModified":"2024-11-05T10:11:13+00:00","breadcrumb":{"@id":"https:\/\/rhggmbh.com\/impressum\/#breadcrumb"},"inLanguage":"en-GB","potentialAction":[{"@type":"ReadAction","target":["https:\/\/rhggmbh.com\/impressum\/"]}]},{"@type":"BreadcrumbList","@id":"https:\/\/rhggmbh.com\/impressum\/#breadcrumb","itemListElement":[{"@type":"ListItem","position":1,"name":"Home","item":"https:\/\/rhggmbh.com\/"},{"@type":"ListItem","position":2,"name":"Impressum"}]},{"@type":"WebSite","@id":"https:\/\/rhggmbh.com\/#website","url":"https:\/\/rhggmbh.com\/","name":"RHG GmbH","description":"","publisher":{"@id":"https:\/\/rhggmbh.com\/#organization"},"potentialAction":[{"@type":"SearchAction","target":{"@type":"EntryPoint","urlTemplate":"https:\/\/rhggmbh.com\/?s={search_term_string}"},"query-input":{"@type":"PropertyValueSpecification","valueRequired":true,"valueName":"search_term_string"}}],"inLanguage":"en-GB"},{"@type":"Organization","@id":"https:\/\/rhggmbh.com\/#organization","name":"RHG GmbH","url":"https:\/\/rhggmbh.com\/","logo":{"@type":"ImageObject","inLanguage":"en-GB","@id":"https:\/\/rhggmbh.com\/#\/schema\/logo\/image\/","url":"https:\/\/rhggmbh.com\/wp-content\/uploads\/2024\/10\/cropped-logo.png","contentUrl":"https:\/\/rhggmbh.com\/wp-content\/uploads\/2024\/10\/cropped-logo.png","width":340,"height":170,"caption":"RHG GmbH"},"image":{"@id":"https:\/\/rhggmbh.com\/#\/schema\/logo\/image\/"},"sameAs":["https:\/\/www.facebook.com\/profile.php?id=61568147270512"]}]}},"_links":{"self":[{"href":"https:\/\/rhggmbh.com\/en\/wp-json\/wp\/v2\/pages\/47","targetHints":{"allow":["GET"]}}],"collection":[{"href":"https:\/\/rhggmbh.com\/en\/wp-json\/wp\/v2\/pages"}],"about":[{"href":"https:\/\/rhggmbh.com\/en\/wp-json\/wp\/v2\/types\/page"}],"author":[{"embeddable":true,"href":"https:\/\/rhggmbh.com\/en\/wp-json\/wp\/v2\/users\/1"}],"replies":[{"embeddable":true,"href":"https:\/\/rhggmbh.com\/en\/wp-json\/wp\/v2\/comments?post=47"}],"version-history":[{"count":28,"href":"https:\/\/rhggmbh.com\/en\/wp-json\/wp\/v2\/pages\/47\/revisions"}],"predecessor-version":[{"id":926,"href":"https:\/\/rhggmbh.com\/en\/wp-json\/wp\/v2\/pages\/47\/revisions\/926"}],"wp:attachment":[{"href":"https:\/\/rhggmbh.com\/en\/wp-json\/wp\/v2\/media?parent=47"}],"curies":[{"name":"wp","href":"https:\/\/api.w.org\/{rel}","templated":true}]}}